{"id":528,"date":"2023-06-09T20:10:59","date_gmt":"2023-06-09T20:10:59","guid":{"rendered":"https:\/\/tz-design.ch\/?page_id=528"},"modified":"2023-06-10T17:04:20","modified_gmt":"2023-06-10T17:04:20","slug":"wer-bin-ich","status":"publish","type":"page","link":"https:\/\/tz-design.ch\/?page_id=528","title":{"rendered":"Wer bin ich?"},"content":{"rendered":"<style>.kb-row-layout-id_a09344-0b > .kt-row-column-wrap{align-content:start;}:where(.kb-row-layout-id_a09344-0b > .kt-row-column-wrap) > .wp-block-kadence-column{justify-content:start;}.kb-row-layout-id_a09344-0b > .kt-row-column-wrap{column-gap:var(--global-kb-gap-md, 2rem);row-gap:var(--global-kb-gap-md, 2rem);padding-top:var(--global-kb-spacing-sm, 1.5rem);padding-bottom:var(--global-kb-spacing-sm, 1.5rem);grid-template-columns:minmax(0, 50%) minmax(0, 50%);}.kb-row-layout-id_a09344-0b > .kt-row-layout-overlay{opacity:0.30;}@media all and (max-width: 1024px){.kb-row-layout-id_a09344-0b > .kt-row-column-wrap{grid-template-columns:repeat(2, minmax(0, 1fr));}}@media all and (max-width: 767px){.kb-row-layout-id_a09344-0b > .kt-row-column-wrap{grid-template-columns:minmax(0, 1fr);}}<\/style><div class=\"kb-row-layout-wrap kb-row-layout-id_a09344-0b alignnone wp-block-kadence-rowlayout\"><div class=\"kt-row-column-wrap kt-has-2-columns kt-row-layout-right-golden kt-tab-layout-inherit kt-mobile-layout-row kt-row-valign-top\">\n<style>.kadence-column_fee0d9-93 > .kt-inside-inner-col,.kadence-column_fee0d9-93 > .kt-inside-inner-col:before{border-top-left-radius:0px;border-top-right-radius:0px;border-bottom-right-radius:0px;border-bottom-left-radius:0px;}.kadence-column_fee0d9-93 > .kt-inside-inner-col:before{opacity:0.3;}.kadence-column_fee0d9-93{position:relative;}<\/style>\n<div class=\"wp-block-kadence-column kadence-column_fee0d9-93\"><div class=\"kt-inside-inner-col\"><style>.kb-image_355415-e3.kb-image-is-ratio-size, .kb-image_355415-e3 .kb-image-is-ratio-size{max-width:604px;width:100%;}.kb-image_355415-e3{max-width:604px;}.image-is-svg.kb-image_355415-e3{-webkit-flex:0 1 100%;flex:0 1 100%;}.image-is-svg.kb-image_355415-e3 img{width:100%;}.kb-image_355415-e3 .kb-image-has-overlay:after{opacity:0.3;}<\/style>\n<figure class=\"wp-block-kadence-image kb-image_355415-e3\"><img decoding=\"async\" src=\"https:\/\/tz-design.ch\/wp-content\/uploads\/2023\/06\/Tass_1-6.tiff\" alt=\"Tass\" class=\"kb-img wp-image-524\"\/><\/figure>\n<\/div><\/div>\n\n\n<style>.kadence-column_5162ad-ee > .kt-inside-inner-col,.kadence-column_5162ad-ee > .kt-inside-inner-col:before{border-top-left-radius:0px;border-top-right-radius:0px;border-bottom-right-radius:0px;border-bottom-left-radius:0px;}.kadence-column_5162ad-ee > .kt-inside-inner-col:before{opacity:0.3;}.kadence-column_5162ad-ee{position:relative;}<\/style>\n<div class=\"wp-block-kadence-column kadence-column_5162ad-ee\"><div class=\"kt-inside-inner-col\">\n<p class=\"has-large-font-size\" style=\"padding-top:var(--wp--preset--spacing--30);padding-right:var(--wp--preset--spacing--30);padding-bottom:var(--wp--preset--spacing--30);padding-left:var(--wp--preset--spacing--30)\">Wer bin ich?<\/p>\n\n\n\n<p style=\"padding-top:0px;padding-right:20px;padding-bottom:2px;padding-left:20px\">Ich heisse Tass Z\u00fchlke und wohne seit 18 Jahren in der Schweiz. Ich komme urspr\u00fcnglich aus Thailand und arbeitete dort als Grafikdesigner f\u00fcr das dortige Pendant zum Magazin \u00abEltern\u00bb. Inzwischen bin ich zwar zum Grossteil Hausfrau, habe aber immer noch meine Passion im Layout Design. Ich mach seit 17 Jahren regelm\u00e4ssig Fotob\u00fccher f\u00fcr unser Familie. Meiner Meinung nach sind die Fotob\u00fccher eine super Erinnerung an das Familienleben. Auch unsere Kinder und Verwandten lieben diese B\u00fccher sehr und sie werden alle regelm\u00e4ssig angeschaut.<\/p>\n\n\n\n<p style=\"padding-top:2px;padding-right:20px;padding-bottom:2px;padding-left:20px\">Digitale Fotos hingegen, die auf den Computern und der Clould liegen werden dagegen Jahre sp\u00e4ter nicht mehr betrachtet.&nbsp;<\/p>\n\n\n\n<p style=\"padding-top:2px;padding-right:20px;padding-bottom:2px;padding-left:20px\">Diese B\u00fccher sind einfach eine wundersch\u00f6ne Art die Erinnerungen zu teilen.<\/p>\n<\/div><\/div>\n\n<\/div><\/div>","protected":false},"excerpt":{"rendered":"<p>Wer bin ich? Ich heisse Tass Z\u00fchlke und wohne seit 18 Jahren in der Schweiz. Ich komme urspr\u00fcnglich aus Thailand und arbeitete dort als Grafikdesigner f\u00fcr das dortige Pendant zum Magazin \u00abEltern\u00bb. Inzwischen bin ich zwar zum Grossteil Hausfrau, habe aber immer noch meine Passion im Layout Design. Ich mach seit 17 Jahren regelm\u00e4ssig Fotob\u00fccher&#8230;<\/p>\n","protected":false},"author":1,"featured_media":0,"parent":456,"menu_order":4,"comment_status":"closed","ping_status":"closed","template":"","meta":{"_kad_post_transparent":"","_kad_post_title":"","_kad_post_layout":"","_kad_post_sidebar_id":"","_kad_post_content_style":"","_kad_post_vertical_padding":"","_kad_post_feature":"","_kad_post_feature_position":"","_kad_post_header":false,"_kad_post_footer":false,"_kad_post_classname":"","footnotes":""},"class_list":["post-528","page","type-page","status-publish","hentry"],"_links":{"self":[{"href":"https:\/\/tz-design.ch\/index.php?rest_route=\/wp\/v2\/pages\/528","targetHints":{"allow":["GET"]}}],"collection":[{"href":"https:\/\/tz-design.ch\/index.php?rest_route=\/wp\/v2\/pages"}],"about":[{"href":"https:\/\/tz-design.ch\/index.php?rest_route=\/wp\/v2\/types\/page"}],"author":[{"embeddable":true,"href":"https:\/\/tz-design.ch\/index.php?rest_route=\/wp\/v2\/users\/1"}],"replies":[{"embeddable":true,"href":"https:\/\/tz-design.ch\/index.php?rest_route=%2Fwp%2Fv2%2Fcomments&post=528"}],"version-history":[{"count":7,"href":"https:\/\/tz-design.ch\/index.php?rest_route=\/wp\/v2\/pages\/528\/revisions"}],"predecessor-version":[{"id":691,"href":"https:\/\/tz-design.ch\/index.php?rest_route=\/wp\/v2\/pages\/528\/revisions\/691"}],"up":[{"embeddable":true,"href":"https:\/\/tz-design.ch\/index.php?rest_route=\/wp\/v2\/pages\/456"}],"wp:attachment":[{"href":"https:\/\/tz-design.ch\/index.php?rest_route=%2Fwp%2Fv2%2Fmedia&parent=528"}],"curies":[{"name":"wp","href":"https:\/\/api.w.org\/{rel}","templated":true}]}}