{"id":502,"date":"2023-06-09T17:48:21","date_gmt":"2023-06-09T17:48:21","guid":{"rendered":"https:\/\/tz-design.ch\/?page_id=502"},"modified":"2023-06-10T12:52:59","modified_gmt":"2023-06-10T12:52:59","slug":"mein-angebot","status":"publish","type":"page","link":"https:\/\/tz-design.ch\/?page_id=502","title":{"rendered":"Mein Angebot"},"content":{"rendered":"<style>.wp-block-kadence-advancedheading.kt-adv-heading_6f6eb0-32, .wp-block-kadence-advancedheading.kt-adv-heading_6f6eb0-32[data-kb-block=\"kb-adv-heading_6f6eb0-32\"]{font-style:normal;}.wp-block-kadence-advancedheading.kt-adv-heading_6f6eb0-32 mark, .wp-block-kadence-advancedheading.kt-adv-heading_6f6eb0-32[data-kb-block=\"kb-adv-heading_6f6eb0-32\"] mark{font-style:normal;color:#f76a0c;padding-top:0px;padding-right:0px;padding-bottom:0px;padding-left:0px;}<\/style>\n<h2 class=\"kt-adv-heading_6f6eb0-32 wp-block-kadence-advancedheading\" data-kb-block=\"kb-adv-heading_6f6eb0-32\">Mein Angebot an Sie<\/h2>\n\n\n<style>.wp-block-kadence-spacer.kt-block-spacer-_bb676e-50 .kt-block-spacer{height:65px;}.wp-block-kadence-spacer.kt-block-spacer-_bb676e-50 .kt-divider{border-top-width:1px;height:1px;border-top-color:#eee;width:80%;border-top-style:solid;}<\/style>\n<div class=\"wp-block-kadence-spacer aligncenter kt-block-spacer-_bb676e-50\"><div class=\"kt-block-spacer kt-block-spacer-halign-center\"><\/div><\/div>\n\n\n\n<p>Mir macht das Erstellen von sch\u00f6nen Fotob\u00fcchern viel Spass. Gerne w\u00fcrde ich sie dabei unterst\u00fctzen ihre Bilder von Reisen, von der Familie, von ihrer Chronik oder eines ganz besonderen Tages in einem speziell f\u00fcr Sie und Ihre Familie oder als Geschenk f\u00fcr Freunde oder Verwandte zu erstellen. <\/p>\n\n\n<style>.wp-block-kadence-spacer.kt-block-spacer-_cc083b-b3 .kt-block-spacer{height:30px;}.wp-block-kadence-spacer.kt-block-spacer-_cc083b-b3 .kt-divider{border-top-width:1px;height:1px;border-top-color:#eee;width:80%;border-top-style:solid;}<\/style>\n<div class=\"wp-block-kadence-spacer aligncenter kt-block-spacer-_cc083b-b3\"><div class=\"kt-block-spacer kt-block-spacer-halign-center\"><\/div><\/div>\n\n\n<style>.kb-image_489a9b-30 .kb-image-has-overlay:after{opacity:0.3;}<\/style>\n<figure class=\"wp-block-kadence-image kb-image_489a9b-30 size-large\"><img loading=\"lazy\" decoding=\"async\" width=\"1024\" height=\"768\" src=\"https:\/\/tz-design.ch\/wp-content\/uploads\/2023\/06\/IMG_4686-Large-1024x768.jpeg\" alt=\"\" class=\"kb-img wp-image-669\" srcset=\"https:\/\/tz-design.ch\/wp-content\/uploads\/2023\/06\/IMG_4686-Large-1024x768.jpeg 1024w, https:\/\/tz-design.ch\/wp-content\/uploads\/2023\/06\/IMG_4686-Large-300x225.jpeg 300w, https:\/\/tz-design.ch\/wp-content\/uploads\/2023\/06\/IMG_4686-Large-768x576.jpeg 768w, https:\/\/tz-design.ch\/wp-content\/uploads\/2023\/06\/IMG_4686-Large.jpeg 1280w\" sizes=\"auto, (max-width: 1024px) 100vw, 1024px\" \/><figcaption>Fotobuch<\/figcaption><\/figure>\n\n\n<style>.wp-block-kadence-spacer.kt-block-spacer-_5faa92-40 .kt-block-spacer{height:30px;}.wp-block-kadence-spacer.kt-block-spacer-_5faa92-40 .kt-divider{border-top-width:1px;height:1px;border-top-color:#eee;width:80%;border-top-style:solid;}<\/style>\n<div class=\"wp-block-kadence-spacer aligncenter kt-block-spacer-_5faa92-40\"><div class=\"kt-block-spacer kt-block-spacer-halign-center\"><hr class=\"kt-divider\"\/><\/div><\/div>\n\n\n\n<p>Was ich von Ihnen br\u00e4uchte:<\/p>\n\n\n\n<p>Die Bilder, die Sie im Fotobuch haben m\u00f6chten, sollten von Ihnen vorausgew\u00e4hlt sein. Auch die Reihenfolge der Bilder (falls diese in einer bestimmten Reihenfolge im Buch sein sollen) m\u00fcsste nat\u00fcrlich von Ihnen vorgegeben werden.<\/p>\n\n\n\n<p>Desweiteren, wenn sie \u00dcberschriften und Texte zu Ihren Bildern haben m\u00f6chten, sollten sie auch diese verfassen.<\/p>\n\n\n\n<p>Wenn ich alle Informationen von Ihnen habe, w\u00fcrde ich das Buch nach ihren W\u00fcnschen gestalten. Bei Fragen werde ich mich umgehend bei Ihnen melden und nat\u00fcrlich werden wir zwischendurch und sp\u00e4testens nochmals vor der Fertigstellung des Designs das Buch duchgehen, so dass Sie am Ende von dem Buch begeistert sind, bevor es anschliessend in den Druck geht.<\/p>\n\n\n\n<p>Die Zeit und auch der Preis des Designs richtet sich sehr nach dem Umfang und der Designtiefe des Buches. Eine Absch\u00e4tzung kann ich Ihnen nach unserem ersten Treffen geben, nachdem wir uns \u00fcber die grundlegenden Sachen und den Umfang der Arbeiten verst\u00e4ndigt haben.<\/p>\n\n\n\n<p>Zus\u00e4tzlich zu den Desginkosten kommen dann noch die Kosten f\u00fcr den Druck und den Versand.<\/p>\n\n\n\n<p>Ich hoffe Ihr Interesse geweckt zu haben und freue mich schon darauf Sie bei Ihrem n\u00e4chsten Fotobuch-Projekt tatkr\u00e4ftig zu unterst\u00fctzen.<\/p>\n\n\n<style>.wp-block-kadence-spacer.kt-block-spacer-_2a51e1-4f .kt-block-spacer{height:60px;}.wp-block-kadence-spacer.kt-block-spacer-_2a51e1-4f .kt-divider{border-top-width:1px;height:1px;border-top-color:#eee;width:80%;border-top-style:solid;}<\/style>\n<div class=\"wp-block-kadence-spacer aligncenter kt-block-spacer-_2a51e1-4f\"><div class=\"kt-block-spacer kt-block-spacer-halign-center\"><hr class=\"kt-divider\"\/><\/div><\/div>\n\n\n<style>.wp-block-kadence-advancedbtn.kb-btns_854c4f-40{gap:var(--global-kb-gap-xs, 0.5rem );justify-content:center;align-items:center;}.kt-btns_854c4f-40 .kt-button{font-weight:normal;font-style:normal;}.kt-btns_854c4f-40 .kt-btn-wrap-0{margin-right:5px;}.wp-block-kadence-advancedbtn.kt-btns_854c4f-40 .kt-btn-wrap-0 .kt-button{color:#555555;border-color:#555555;}.wp-block-kadence-advancedbtn.kt-btns_854c4f-40 .kt-btn-wrap-0 .kt-button:hover, .wp-block-kadence-advancedbtn.kt-btns_854c4f-40 .kt-btn-wrap-0 .kt-button:focus{color:#ffffff;border-color:#444444;}.wp-block-kadence-advancedbtn.kt-btns_854c4f-40 .kt-btn-wrap-0 .kt-button::before{display:none;}.wp-block-kadence-advancedbtn.kt-btns_854c4f-40 .kt-btn-wrap-0 .kt-button:hover, .wp-block-kadence-advancedbtn.kt-btns_854c4f-40 .kt-btn-wrap-0 .kt-button:focus{background:#444444;}<\/style>\n<div class=\"wp-block-kadence-advancedbtn kb-buttons-wrap kb-btns_854c4f-40\"><style>ul.menu .wp-block-kadence-advancedbtn .kb-btn_b0e02b-b7.kb-button{width:initial;}<\/style><a class=\"kb-button kt-button button kb-btn_b0e02b-b7 kt-btn-size-standard kt-btn-width-type-auto kb-btn-global-fill kt-btn-has-text-true kt-btn-has-svg-false wp-block-kadence-singlebtn\" href=\"https:\/\/tz-design.ch\/?page_id=183\"><span class=\"kt-btn-inner-text\">Kontaktieren Sie mich<\/span><\/a><\/div>\n","protected":false},"excerpt":{"rendered":"<p>Mein Angebot an Sie Mir macht das Erstellen von sch\u00f6nen Fotob\u00fcchern viel Spass. Gerne w\u00fcrde ich sie dabei unterst\u00fctzen ihre Bilder von Reisen, von der Familie, von ihrer Chronik oder eines ganz besonderen Tages in einem speziell f\u00fcr Sie und Ihre Familie oder als Geschenk f\u00fcr Freunde oder Verwandte zu erstellen. Was ich von Ihnen&#8230;<\/p>\n","protected":false},"author":1,"featured_media":0,"parent":456,"menu_order":3,"comment_status":"closed","ping_status":"closed","template":"","meta":{"_kad_post_transparent":"","_kad_post_title":"","_kad_post_layout":"","_kad_post_sidebar_id":"","_kad_post_content_style":"","_kad_post_vertical_padding":"","_kad_post_feature":"","_kad_post_feature_position":"","_kad_post_header":false,"_kad_post_footer":false,"_kad_post_classname":"","footnotes":""},"class_list":["post-502","page","type-page","status-publish","hentry"],"_links":{"self":[{"href":"https:\/\/tz-design.ch\/index.php?rest_route=\/wp\/v2\/pages\/502","targetHints":{"allow":["GET"]}}],"collection":[{"href":"https:\/\/tz-design.ch\/index.php?rest_route=\/wp\/v2\/pages"}],"about":[{"href":"https:\/\/tz-design.ch\/index.php?rest_route=\/wp\/v2\/types\/page"}],"author":[{"embeddable":true,"href":"https:\/\/tz-design.ch\/index.php?rest_route=\/wp\/v2\/users\/1"}],"replies":[{"embeddable":true,"href":"https:\/\/tz-design.ch\/index.php?rest_route=%2Fwp%2Fv2%2Fcomments&post=502"}],"version-history":[{"count":3,"href":"https:\/\/tz-design.ch\/index.php?rest_route=\/wp\/v2\/pages\/502\/revisions"}],"predecessor-version":[{"id":683,"href":"https:\/\/tz-design.ch\/index.php?rest_route=\/wp\/v2\/pages\/502\/revisions\/683"}],"up":[{"embeddable":true,"href":"https:\/\/tz-design.ch\/index.php?rest_route=\/wp\/v2\/pages\/456"}],"wp:attachment":[{"href":"https:\/\/tz-design.ch\/index.php?rest_route=%2Fwp%2Fv2%2Fmedia&parent=502"}],"curies":[{"name":"wp","href":"https:\/\/api.w.org\/{rel}","templated":true}]}}