{"id":456,"date":"2023-06-09T11:58:01","date_gmt":"2023-06-09T11:58:01","guid":{"rendered":"https:\/\/tz-design.ch\/?page_id=456"},"modified":"2023-06-10T17:12:47","modified_gmt":"2023-06-10T17:12:47","slug":"homepage","status":"publish","type":"page","link":"https:\/\/tz-design.ch\/","title":{"rendered":"Homepage"},"content":{"rendered":"<style>.wp-block-kadence-advancedheading.kt-adv-heading_ed6908-4a, .wp-block-kadence-advancedheading.kt-adv-heading_ed6908-4a[data-kb-block=\"kb-adv-heading_ed6908-4a\"]{font-style:normal;}.wp-block-kadence-advancedheading.kt-adv-heading_ed6908-4a mark, .wp-block-kadence-advancedheading.kt-adv-heading_ed6908-4a[data-kb-block=\"kb-adv-heading_ed6908-4a\"] mark{font-style:normal;color:#f76a0c;padding-top:0px;padding-right:0px;padding-bottom:0px;padding-left:0px;}<\/style>\n<h1 class=\"kt-adv-heading_ed6908-4a wp-block-kadence-advancedheading\" data-kb-block=\"kb-adv-heading_ed6908-4a\">Ihr ganz pers\u00f6nliches Fotobuch Design<\/h1>\n\n\n<style>.kadence-column_6b5a66-22 > .kt-inside-inner-col,.kadence-column_6b5a66-22 > .kt-inside-inner-col:before{border-top-left-radius:0px;border-top-right-radius:0px;border-bottom-right-radius:0px;border-bottom-left-radius:0px;}.kadence-column_6b5a66-22 > .kt-inside-inner-col:before{opacity:0.3;}.kadence-column_6b5a66-22{position:relative;}<\/style>\n<div class=\"wp-block-kadence-column kadence-column_6b5a66-22\"><div class=\"kt-inside-inner-col\"><style>.wp-block-kadence-spacer.kt-block-spacer-_4701b3-05 .kt-block-spacer{height:60px;}.wp-block-kadence-spacer.kt-block-spacer-_4701b3-05 .kt-divider{border-top-width:1px;height:1px;border-top-color:#eee;width:80%;border-top-style:solid;}<\/style>\n<div class=\"wp-block-kadence-spacer aligncenter kt-block-spacer-_4701b3-05\"><div class=\"kt-block-spacer kt-block-spacer-halign-center\"><\/div><\/div>\n\n\n<style>.kb-image_ff9828-89 .kb-image-has-overlay:after{opacity:0.3;}.kb-image_ff9828-89 img.kb-img, .kb-image_ff9828-89 .kb-img img{border-top-left-radius:10px;border-top-right-radius:10px;border-bottom-right-radius:10px;border-bottom-left-radius:10px;box-shadow:5px 5px 14px 4px rgba(56, 160, 97, 0.2);}<\/style>\n<figure class=\"wp-block-kadence-image kb-image_ff9828-89 size-full kb-image-is-ratio-size\"><div class=\"kb-is-ratio-image kb-image-ratio-land169\"><img loading=\"lazy\" decoding=\"async\" width=\"2560\" height=\"1440\" src=\"https:\/\/tz-design.ch\/wp-content\/uploads\/2023\/06\/IMG_4677-scaled.jpeg\" alt=\"Fotobuch Cover\" class=\"kb-img wp-image-652\" srcset=\"https:\/\/tz-design.ch\/wp-content\/uploads\/2023\/06\/IMG_4677-scaled.jpeg 2560w, https:\/\/tz-design.ch\/wp-content\/uploads\/2023\/06\/IMG_4677-300x169.jpeg 300w, https:\/\/tz-design.ch\/wp-content\/uploads\/2023\/06\/IMG_4677-1024x576.jpeg 1024w, https:\/\/tz-design.ch\/wp-content\/uploads\/2023\/06\/IMG_4677-768x432.jpeg 768w, https:\/\/tz-design.ch\/wp-content\/uploads\/2023\/06\/IMG_4677-1536x864.jpeg 1536w, https:\/\/tz-design.ch\/wp-content\/uploads\/2023\/06\/IMG_4677-2048x1152.jpeg 2048w\" sizes=\"auto, (max-width: 2560px) 100vw, 2560px\" \/><\/div><\/figure>\n\n\n<style>.wp-block-kadence-spacer.kt-block-spacer-_6d6785-df .kt-block-spacer{height:150px;}.wp-block-kadence-spacer.kt-block-spacer-_6d6785-df .kt-divider{border-top-width:1px;height:1px;border-top-color:#eee;width:80%;border-top-style:solid;}<\/style>\n<div class=\"wp-block-kadence-spacer aligncenter kt-block-spacer-_6d6785-df\"><div class=\"kt-block-spacer kt-block-spacer-halign-center\"><hr class=\"kt-divider\"\/><\/div><\/div>\n<\/div><\/div>\n\n\n<style>.kadence-column_11419e-18 > .kt-inside-inner-col,.kadence-column_11419e-18 > .kt-inside-inner-col:before{border-top-left-radius:0px;border-top-right-radius:0px;border-bottom-right-radius:0px;border-bottom-left-radius:0px;}.kadence-column_11419e-18 > .kt-inside-inner-col{display:flex;flex-direction:row;flex-wrap:wrap;align-items:center;gap:10px;}.kadence-column_11419e-18 > .kt-inside-inner-col > *, .kadence-column_11419e-18 > .kt-inside-inner-col > figure.wp-block-image, .kadence-column_11419e-18 > .kt-inside-inner-col > figure.wp-block-kadence-image{margin-top:0px;margin-bottom:0px;}.kadence-column_11419e-18 > .kt-inside-inner-col:before{opacity:0.3;}.kadence-column_11419e-18{position:relative;}@media all and (max-width: 1024px){.kadence-column_11419e-18 > .kt-inside-inner-col{gap:143px;}}@media all and (min-width: 768px) and (max-width: 1024px){.kadence-column_11419e-18 > .kt-inside-inner-col > *, .kadence-column_11419e-18 > .kt-inside-inner-col > figure.wp-block-image, .kadence-column_11419e-18 > .kt-inside-inner-col > figure.wp-block-kadence-image{margin-top:0px;margin-bottom:0px;}}@media all and (max-width: 767px){.kadence-column_11419e-18 > .kt-inside-inner-col{gap:136px;}.kadence-column_11419e-18 > .kt-inside-inner-col > *, .kadence-column_11419e-18 > .kt-inside-inner-col > figure.wp-block-image, .kadence-column_11419e-18 > .kt-inside-inner-col > figure.wp-block-kadence-image{margin-top:0px;margin-bottom:0px;}}<\/style>\n<div class=\"wp-block-kadence-column kadence-column_11419e-18 kb-section-dir-horizontal kb-section-sm-dir-horizontal\"><div class=\"kt-inside-inner-col\"><style>.kb-row-layout-wrap.wp-block-kadence-rowlayout.kb-row-layout-id_0f5f8e-a3{margin-top:var(--global-kb-spacing-xs, 1rem);margin-bottom:var(--global-kb-spacing-xs, 1rem);}.kb-row-layout-id_0f5f8e-a3 > .kt-row-column-wrap{align-content:start;}:where(.kb-row-layout-id_0f5f8e-a3 > .kt-row-column-wrap) > .wp-block-kadence-column{justify-content:start;}.kb-row-layout-id_0f5f8e-a3 > .kt-row-column-wrap{column-gap:var(--global-kb-gap-md, 2rem);row-gap:var(--global-kb-gap-md, 2rem);padding-top:var(--global-kb-spacing-sm, 1.5rem);padding-right:var(--global-kb-spacing-xs, 1rem);padding-bottom:var(--global-kb-spacing-sm, 1.5rem);padding-left:var(--global-kb-spacing-xs, 1rem);grid-template-columns:repeat(3, minmax(0, 1fr));}.kb-row-layout-id_0f5f8e-a3 > .kt-row-layout-overlay{opacity:0.30;}.kb-row-layout-id_0f5f8e-a3 .kt-row-layout-bottom-sep{height:100px;}.kb-row-layout-id_0f5f8e-a3 .kt-row-layout-bottom-sep svg{width:100%;}.kb-row-layout-id_0f5f8e-a3 .kt-row-layout-bottom-sep svg{fill:var(--global-palette7, #EDF2F7)!important;}.kb-row-layout-id_0f5f8e-a3 .kt-row-layout-top-sep{height:100px;}.kb-row-layout-id_0f5f8e-a3 .kt-row-layout-top-sep svg{fill:var(--global-palette7, #EDF2F7)!important;}@media all and (max-width: 1024px){.kb-row-layout-id_0f5f8e-a3 > .kt-row-column-wrap{column-gap:var(--global-kb-gap-none, 0 );row-gap:var(--global-kb-gap-none, 0 );grid-template-columns:repeat(3, minmax(0, 1fr));}}@media all and (max-width: 1024px){.kb-row-layout-id_0f5f8e-a3 .kt-row-layout-bottom-sep{height:px;}}@media all and (max-width: 1024px){.kb-row-layout-id_0f5f8e-a3 .kt-row-layout-bottom-sep svg{width:%;}}@media all and (max-width: 767px){.kb-row-layout-id_0f5f8e-a3 > .kt-row-column-wrap{grid-template-columns:minmax(0, 1fr);}.kb-row-layout-id_0f5f8e-a3 .kt-row-layout-bottom-sep{height:px;}.kb-row-layout-id_0f5f8e-a3 .kt-row-layout-bottom-sep svg{width:%;}}<\/style><div class=\"kb-row-layout-wrap kb-row-layout-id_0f5f8e-a3 alignnone wp-block-kadence-rowlayout\"><div class=\"kt-row-layout-top-sep kt-row-sep-type-crvi\"><svg viewBox=\"0 0 1000 100\" preserveAspectRatio=\"none\"><path d=\"M1000,0c0,0 -270.987,98 -500,98c-229.013,0 -500,-98 -500,-98l0,100l1000,0l0,-100Z\" \/><\/svg><\/div><div class=\"kt-row-layout-bottom-sep kt-row-sep-type-crvi\"><svg viewBox=\"0 0 1000 100\" preserveAspectRatio=\"none\"><path d=\"M1000,0c0,0 -270.987,98 -500,98c-229.013,0 -500,-98 -500,-98l0,100l1000,0l0,-100Z\" \/><\/svg><\/div><div class=\"kt-row-column-wrap kt-has-3-columns kt-row-layout-equal kt-tab-layout-inherit kt-mobile-layout-row kt-row-valign-top\">\n<style>.kadence-column_6341c9-72 > .kt-inside-inner-col,.kadence-column_6341c9-72 > .kt-inside-inner-col:before{border-top-left-radius:0px;border-top-right-radius:0px;border-bottom-right-radius:0px;border-bottom-left-radius:0px;}.kadence-column_6341c9-72 > .kt-inside-inner-col:before{opacity:0.3;}.kadence-column_6341c9-72{position:relative;}<\/style>\n<div class=\"wp-block-kadence-column kadence-column_6341c9-72\"><div class=\"kt-inside-inner-col\"><style>.kb-image_e68441-81 .kb-image-has-overlay:after{opacity:0.3;}@media all and (max-width: 767px){.kb-image_e68441-81.kb-image-is-ratio-size, .kb-image_e68441-81 .kb-image-is-ratio-size{max-width:5px;width:100%;}.kb-image_e68441-81{max-width:5px;}}<\/style>\n<figure class=\"wp-block-kadence-image kb-image_e68441-81 size-full\"><a href=\"https:\/\/tz-design.ch\/?page_id=330\" class=\"kb-advanced-image-link\"><img loading=\"lazy\" decoding=\"async\" width=\"2560\" height=\"1952\" src=\"https:\/\/tz-design.ch\/wp-content\/uploads\/2023\/06\/IMG_4682-scaled.jpeg\" alt=\"\" class=\"kb-img wp-image-655\" srcset=\"https:\/\/tz-design.ch\/wp-content\/uploads\/2023\/06\/IMG_4682-scaled.jpeg 2560w, https:\/\/tz-design.ch\/wp-content\/uploads\/2023\/06\/IMG_4682-300x229.jpeg 300w\" sizes=\"auto, (max-width: 2560px) 100vw, 2560px\" \/><\/a><\/figure>\n<\/div><\/div>\n\n\n<style>.kadence-column_d79b67-52 > .kt-inside-inner-col,.kadence-column_d79b67-52 > .kt-inside-inner-col:before{border-top-left-radius:0px;border-top-right-radius:0px;border-bottom-right-radius:0px;border-bottom-left-radius:0px;}.kadence-column_d79b67-52 > .kt-inside-inner-col:before{opacity:0.3;}.kadence-column_d79b67-52{position:relative;}<\/style>\n<div class=\"wp-block-kadence-column kadence-column_d79b67-52\"><div class=\"kt-inside-inner-col\"><style>.kb-image_01e722-35.kb-image-is-ratio-size, .kb-image_01e722-35 .kb-image-is-ratio-size{max-width:382px;width:100%;}.kb-image_01e722-35{max-width:382px;}.image-is-svg.kb-image_01e722-35{-webkit-flex:0 1 100%;flex:0 1 100%;}.image-is-svg.kb-image_01e722-35 img{width:100%;}.kb-image_01e722-35 .kb-image-has-overlay:after{opacity:0.3;}@media all and (max-width: 767px){.kb-image_01e722-35.kb-image-is-ratio-size, .kb-image_01e722-35 .kb-image-is-ratio-size{max-width:5px;width:100%;}.kb-image_01e722-35{max-width:5px;}}<\/style>\n<figure class=\"wp-block-kadence-image kb-image_01e722-35 size-large\"><a href=\"https:\/\/tz-design.ch\/?page_id=502\" class=\"kb-advanced-image-link\"><img loading=\"lazy\" decoding=\"async\" width=\"1024\" height=\"768\" src=\"https:\/\/tz-design.ch\/wp-content\/uploads\/2023\/06\/IMG_4686-Large-1024x768.jpeg\" alt=\"\" class=\"kb-img wp-image-669\" srcset=\"https:\/\/tz-design.ch\/wp-content\/uploads\/2023\/06\/IMG_4686-Large-1024x768.jpeg 1024w, https:\/\/tz-design.ch\/wp-content\/uploads\/2023\/06\/IMG_4686-Large-300x225.jpeg 300w, https:\/\/tz-design.ch\/wp-content\/uploads\/2023\/06\/IMG_4686-Large-768x576.jpeg 768w, https:\/\/tz-design.ch\/wp-content\/uploads\/2023\/06\/IMG_4686-Large.jpeg 1280w\" sizes=\"auto, (max-width: 1024px) 100vw, 1024px\" \/><\/a><\/figure>\n<\/div><\/div>\n\n\n<style>.kadence-column_d75c07-63 > .kt-inside-inner-col,.kadence-column_d75c07-63 > .kt-inside-inner-col:before{border-top-left-radius:0px;border-top-right-radius:0px;border-bottom-right-radius:0px;border-bottom-left-radius:0px;}.kadence-column_d75c07-63 > .kt-inside-inner-col:before{opacity:0.3;}.kadence-column_d75c07-63{position:relative;}<\/style>\n<div class=\"wp-block-kadence-column kadence-column_d75c07-63\"><div class=\"kt-inside-inner-col\"><style>.kb-image_f5b58c-b0 .kb-image-has-overlay:after{opacity:0.3;}@media all and (max-width: 1024px){.kb-image_f5b58c-b0.kb-image-is-ratio-size, .kb-image_f5b58c-b0 .kb-image-is-ratio-size{max-width:392px;width:100%;}}@media all and (max-width: 1024px){.kb-image_f5b58c-b0{max-width:392px;}}@media all and (max-width: 767px){.kb-image_f5b58c-b0.kb-image-is-ratio-size, .kb-image_f5b58c-b0 .kb-image-is-ratio-size{max-width:5px;width:100%;}.kb-image_f5b58c-b0{max-width:5px;}}<\/style>\n<figure class=\"wp-block-kadence-image kb-image_f5b58c-b0\"><a href=\"https:\/\/tz-design.ch\/?page_id=528\" class=\"kb-advanced-image-link\"><img decoding=\"async\" src=\"https:\/\/tz-design.ch\/wp-content\/uploads\/2023\/06\/Tass_1-6.tiff\" alt=\"Tass von tz-design\" class=\"kb-img wp-image-524\"\/><\/a><\/figure>\n<\/div><\/div>\n\n\n<style>.kadence-column_d73f8c-6f > .kt-inside-inner-col,.kadence-column_d73f8c-6f > .kt-inside-inner-col:before{border-top-left-radius:0px;border-top-right-radius:0px;border-bottom-right-radius:0px;border-bottom-left-radius:0px;}.kadence-column_d73f8c-6f > .kt-inside-inner-col:before{opacity:0.3;}.kadence-column_d73f8c-6f{position:relative;}<\/style>\n<div class=\"wp-block-kadence-column kadence-column_d73f8c-6f\"><div class=\"kt-inside-inner-col\"><style>.wp-block-kadence-spacer.kt-block-spacer-_d11b24-1a .kt-block-spacer{height:20px;}.wp-block-kadence-spacer.kt-block-spacer-_d11b24-1a .kt-divider{border-top-width:1px;height:1px;border-top-color:#eee;width:80%;border-top-style:solid;}<\/style>\n<div class=\"wp-block-kadence-spacer alignnone kt-block-spacer-_d11b24-1a\"><div class=\"kt-block-spacer kt-block-spacer-halign-center\"><hr class=\"kt-divider\"\/><\/div><\/div>\n\n\n<style>.wp-block-kadence-advancedheading.kt-adv-heading_0d96d5-e1, .wp-block-kadence-advancedheading.kt-adv-heading_0d96d5-e1[data-kb-block=\"kb-adv-heading_0d96d5-e1\"]{text-align:center;font-style:normal;}.wp-block-kadence-advancedheading.kt-adv-heading_0d96d5-e1 mark, .wp-block-kadence-advancedheading.kt-adv-heading_0d96d5-e1[data-kb-block=\"kb-adv-heading_0d96d5-e1\"] mark{font-style:normal;color:#f76a0c;padding-top:0px;padding-right:0px;padding-bottom:0px;padding-left:0px;}<\/style>\n<h2 class=\"kt-adv-heading_0d96d5-e1 wp-block-kadence-advancedheading\" data-kb-block=\"kb-adv-heading_0d96d5-e1\">Fotob\u00fccher<\/h2>\n\n\n\n<p class=\"has-text-align-center\">Fotob\u00fccher sind eine hervorragende M\u00f6glichkeit Erinnerungen an Reisen, Feiern oder auch die Familienchronik zu fest zu halten und diese immer wieder zu erleben.<\/p>\n\n\n<style>.wp-block-kadence-spacer.kt-block-spacer-_fbbb69-b9 .kt-block-spacer{height:30px;}.wp-block-kadence-spacer.kt-block-spacer-_fbbb69-b9 .kt-divider{border-top-width:1px;height:1px;border-top-color:#eee;width:80%;border-top-style:solid;}<\/style>\n<div class=\"wp-block-kadence-spacer alignnone kt-block-spacer-_fbbb69-b9\"><div class=\"kt-block-spacer kt-block-spacer-halign-center\"><hr class=\"kt-divider\"\/><\/div><\/div>\n\n\n<style>.wp-block-kadence-advancedbtn.kb-btns_09a8b5-6e{gap:var(--global-kb-gap-xs, 0.5rem );justify-content:center;align-items:center;}.kt-btns_09a8b5-6e .kt-button{font-weight:normal;font-style:normal;}.kt-btns_09a8b5-6e .kt-btn-wrap-0{margin-right:5px;}.wp-block-kadence-advancedbtn.kt-btns_09a8b5-6e .kt-btn-wrap-0 .kt-button{color:#555555;border-color:#555555;}.wp-block-kadence-advancedbtn.kt-btns_09a8b5-6e .kt-btn-wrap-0 .kt-button:hover, .wp-block-kadence-advancedbtn.kt-btns_09a8b5-6e .kt-btn-wrap-0 .kt-button:focus{color:#ffffff;border-color:#444444;}.wp-block-kadence-advancedbtn.kt-btns_09a8b5-6e .kt-btn-wrap-0 .kt-button::before{display:none;}.wp-block-kadence-advancedbtn.kt-btns_09a8b5-6e .kt-btn-wrap-0 .kt-button:hover, .wp-block-kadence-advancedbtn.kt-btns_09a8b5-6e .kt-btn-wrap-0 .kt-button:focus{background:#444444;}<\/style>\n<div class=\"wp-block-kadence-advancedbtn kb-buttons-wrap kb-btns_09a8b5-6e\"><style>ul.menu .wp-block-kadence-advancedbtn .kb-btn_d9970d-18.kb-button{width:initial;}<\/style><a class=\"kb-button kt-button button kb-btn_d9970d-18 kt-btn-size-standard kt-btn-width-type-auto kb-btn-global-fill kt-btn-has-text-true kt-btn-has-svg-false wp-block-kadence-singlebtn\" href=\"https:\/\/tz-design.ch\/?page_id=330\"><span class=\"kt-btn-inner-text\">Erfahre mehr<\/span><\/a><\/div>\n<\/div><\/div>\n\n\n<style>.kadence-column_55ad32-79 > .kt-inside-inner-col,.kadence-column_55ad32-79 > .kt-inside-inner-col:before{border-top-left-radius:0px;border-top-right-radius:0px;border-bottom-right-radius:0px;border-bottom-left-radius:0px;}.kadence-column_55ad32-79 > .kt-inside-inner-col:before{opacity:0.3;}.kadence-column_55ad32-79{position:relative;}<\/style>\n<div class=\"wp-block-kadence-column kadence-column_55ad32-79\"><div class=\"kt-inside-inner-col\"><style>.wp-block-kadence-spacer.kt-block-spacer-_2e6092-1a .kt-block-spacer{height:20px;}.wp-block-kadence-spacer.kt-block-spacer-_2e6092-1a .kt-divider{border-top-width:1px;height:1px;border-top-color:#eee;width:80%;border-top-style:solid;}<\/style>\n<div class=\"wp-block-kadence-spacer alignnone kt-block-spacer-_2e6092-1a\"><div class=\"kt-block-spacer kt-block-spacer-halign-center\"><hr class=\"kt-divider\"\/><\/div><\/div>\n\n\n<style>.wp-block-kadence-advancedheading.kt-adv-heading_496935-0f, .wp-block-kadence-advancedheading.kt-adv-heading_496935-0f[data-kb-block=\"kb-adv-heading_496935-0f\"]{text-align:center;font-style:normal;}.wp-block-kadence-advancedheading.kt-adv-heading_496935-0f mark, .wp-block-kadence-advancedheading.kt-adv-heading_496935-0f[data-kb-block=\"kb-adv-heading_496935-0f\"] mark{font-style:normal;color:#f76a0c;padding-top:0px;padding-right:0px;padding-bottom:0px;padding-left:0px;}<\/style>\n<h2 class=\"kt-adv-heading_496935-0f wp-block-kadence-advancedheading\" data-kb-block=\"kb-adv-heading_496935-0f\">Mein Angebot<\/h2>\n\n\n\n<p class=\"has-text-align-center\">Ich designe f\u00fcr Sie pers\u00f6nliche und professionelle Fotob\u00fccher. Aus Ihren Bildern und Vorstellungen wird ein sch\u00f6nes Fotobuch, das Sie lieben werden und so jederzeit sch\u00f6ne Erinnerungen auffrischen k\u00f6nnen.<\/p>\n\n\n<style>.wp-block-kadence-spacer.kt-block-spacer-_456760-8e .kt-block-spacer{height:30px;}.wp-block-kadence-spacer.kt-block-spacer-_456760-8e .kt-divider{border-top-width:1px;height:1px;border-top-color:#eee;width:80%;border-top-style:solid;}<\/style>\n<div class=\"wp-block-kadence-spacer alignnone kt-block-spacer-_456760-8e\"><div class=\"kt-block-spacer kt-block-spacer-halign-center\"><hr class=\"kt-divider\"\/><\/div><\/div>\n\n\n<style>.wp-block-kadence-advancedbtn.kb-btns_81f23f-a5{gap:var(--global-kb-gap-xs, 0.5rem );justify-content:center;align-items:center;}.kt-btns_81f23f-a5 .kt-button{font-weight:normal;font-style:normal;}.kt-btns_81f23f-a5 .kt-btn-wrap-0{margin-right:5px;}.wp-block-kadence-advancedbtn.kt-btns_81f23f-a5 .kt-btn-wrap-0 .kt-button{color:#555555;border-color:#555555;}.wp-block-kadence-advancedbtn.kt-btns_81f23f-a5 .kt-btn-wrap-0 .kt-button:hover, .wp-block-kadence-advancedbtn.kt-btns_81f23f-a5 .kt-btn-wrap-0 .kt-button:focus{color:#ffffff;border-color:#444444;}.wp-block-kadence-advancedbtn.kt-btns_81f23f-a5 .kt-btn-wrap-0 .kt-button::before{display:none;}.wp-block-kadence-advancedbtn.kt-btns_81f23f-a5 .kt-btn-wrap-0 .kt-button:hover, .wp-block-kadence-advancedbtn.kt-btns_81f23f-a5 .kt-btn-wrap-0 .kt-button:focus{background:#444444;}<\/style>\n<div class=\"wp-block-kadence-advancedbtn kb-buttons-wrap kb-btns_81f23f-a5\"><style>ul.menu .wp-block-kadence-advancedbtn .kb-btn_affceb-2d.kb-button{width:initial;}<\/style><a class=\"kb-button kt-button button kb-btn_affceb-2d kt-btn-size-standard kt-btn-width-type-auto kb-btn-global-fill kt-btn-has-text-true kt-btn-has-svg-false wp-block-kadence-singlebtn\" href=\"https:\/\/tz-design.ch\/?page_id=502\"><span class=\"kt-btn-inner-text\">Erfahre mehr<\/span><\/a><\/div>\n<\/div><\/div>\n\n\n<style>.kadence-column_668c9a-f7 > .kt-inside-inner-col,.kadence-column_668c9a-f7 > .kt-inside-inner-col:before{border-top-left-radius:0px;border-top-right-radius:0px;border-bottom-right-radius:0px;border-bottom-left-radius:0px;}.kadence-column_668c9a-f7 > .kt-inside-inner-col:before{opacity:0.3;}.kadence-column_668c9a-f7{position:relative;}<\/style>\n<div class=\"wp-block-kadence-column kadence-column_668c9a-f7\"><div class=\"kt-inside-inner-col\"><style>.wp-block-kadence-spacer.kt-block-spacer-_9afbf1-60 .kt-block-spacer{height:20px;}.wp-block-kadence-spacer.kt-block-spacer-_9afbf1-60 .kt-divider{border-top-width:1px;height:1px;border-top-color:#eee;width:80%;border-top-style:solid;}<\/style>\n<div class=\"wp-block-kadence-spacer alignnone kt-block-spacer-_9afbf1-60\"><div class=\"kt-block-spacer kt-block-spacer-halign-center\"><hr class=\"kt-divider\"\/><\/div><\/div>\n\n\n<style>.wp-block-kadence-advancedheading.kt-adv-heading_d26f59-99, .wp-block-kadence-advancedheading.kt-adv-heading_d26f59-99[data-kb-block=\"kb-adv-heading_d26f59-99\"]{text-align:center;font-style:normal;}.wp-block-kadence-advancedheading.kt-adv-heading_d26f59-99 mark, .wp-block-kadence-advancedheading.kt-adv-heading_d26f59-99[data-kb-block=\"kb-adv-heading_d26f59-99\"] mark{font-style:normal;color:#f76a0c;padding-top:0px;padding-right:0px;padding-bottom:0px;padding-left:0px;}<\/style>\n<h2 class=\"kt-adv-heading_d26f59-99 wp-block-kadence-advancedheading\" data-kb-block=\"kb-adv-heading_d26f59-99\">Wer bin ich?<\/h2>\n\n\n\n<p class=\"has-text-align-center\">Ich bin Grafik Designerin. Ich habe f\u00fcr eine Eltern &#038; Kind Zeitschrift in Bangkok gearbeitet, aber seit \u00fcber 18 Jahren lebe ich jetzt in der Schweiz und mache f\u00fcr meine Familie Fotob\u00fccher.<\/p>\n\n\n<style>.wp-block-kadence-spacer.kt-block-spacer-_7bd11e-1c .kt-block-spacer{height:30px;}.wp-block-kadence-spacer.kt-block-spacer-_7bd11e-1c .kt-divider{border-top-width:1px;height:1px;border-top-color:#eee;width:80%;border-top-style:solid;}<\/style>\n<div class=\"wp-block-kadence-spacer alignnone kt-block-spacer-_7bd11e-1c\"><div class=\"kt-block-spacer kt-block-spacer-halign-center\"><hr class=\"kt-divider\"\/><\/div><\/div>\n\n\n<style>.wp-block-kadence-advancedbtn.kb-btns_f5b72e-83{gap:var(--global-kb-gap-xs, 0.5rem );justify-content:center;align-items:center;}.kt-btns_f5b72e-83 .kt-button{font-weight:normal;font-style:normal;}.kt-btns_f5b72e-83 .kt-btn-wrap-0{margin-right:5px;}.wp-block-kadence-advancedbtn.kt-btns_f5b72e-83 .kt-btn-wrap-0 .kt-button{color:#555555;border-color:#555555;}.wp-block-kadence-advancedbtn.kt-btns_f5b72e-83 .kt-btn-wrap-0 .kt-button:hover, .wp-block-kadence-advancedbtn.kt-btns_f5b72e-83 .kt-btn-wrap-0 .kt-button:focus{color:#ffffff;border-color:#444444;}.wp-block-kadence-advancedbtn.kt-btns_f5b72e-83 .kt-btn-wrap-0 .kt-button::before{display:none;}.wp-block-kadence-advancedbtn.kt-btns_f5b72e-83 .kt-btn-wrap-0 .kt-button:hover, .wp-block-kadence-advancedbtn.kt-btns_f5b72e-83 .kt-btn-wrap-0 .kt-button:focus{background:#444444;}<\/style>\n<div class=\"wp-block-kadence-advancedbtn kb-buttons-wrap kb-btns_f5b72e-83\"><style>ul.menu .wp-block-kadence-advancedbtn .kb-btn_18c513-a2.kb-button{width:initial;}<\/style><a class=\"kb-button kt-button button kb-btn_18c513-a2 kt-btn-size-standard kt-btn-width-type-auto kb-btn-global-fill kt-btn-has-text-true kt-btn-has-svg-false wp-block-kadence-singlebtn\" href=\"https:\/\/tz-design.ch\/?page_id=528\"><span class=\"kt-btn-inner-text\">Erfahre mehr<\/span><\/a><\/div>\n<\/div><\/div>\n\n<\/div><\/div><\/div><\/div>\n","protected":false},"excerpt":{"rendered":"<p>Ihr ganz pers\u00f6nliches Fotobuch Design Fotob\u00fccher Fotob\u00fccher sind eine hervorragende M\u00f6glichkeit Erinnerungen an Reisen, Feiern oder auch die Familienchronik zu fest zu halten und diese immer wieder zu erleben. Mein Angebot Ich designe f\u00fcr Sie pers\u00f6nliche und professionelle Fotob\u00fccher. Aus Ihren Bildern und Vorstellungen wird ein sch\u00f6nes Fotobuch, das Sie lieben werden und so jederzeit&#8230;<\/p>\n","protected":false},"author":1,"featured_media":0,"parent":0,"menu_order":0,"comment_status":"closed","ping_status":"closed","template":"","meta":{"_kad_post_transparent":"","_kad_post_title":"","_kad_post_layout":"","_kad_post_sidebar_id":"","_kad_post_content_style":"","_kad_post_vertical_padding":"","_kad_post_feature":"","_kad_post_feature_position":"","_kad_post_header":false,"_kad_post_footer":false,"_kad_post_classname":"","footnotes":""},"class_list":["post-456","page","type-page","status-publish","hentry"],"_links":{"self":[{"href":"https:\/\/tz-design.ch\/index.php?rest_route=\/wp\/v2\/pages\/456","targetHints":{"allow":["GET"]}}],"collection":[{"href":"https:\/\/tz-design.ch\/index.php?rest_route=\/wp\/v2\/pages"}],"about":[{"href":"https:\/\/tz-design.ch\/index.php?rest_route=\/wp\/v2\/types\/page"}],"author":[{"embeddable":true,"href":"https:\/\/tz-design.ch\/index.php?rest_route=\/wp\/v2\/users\/1"}],"replies":[{"embeddable":true,"href":"https:\/\/tz-design.ch\/index.php?rest_route=%2Fwp%2Fv2%2Fcomments&post=456"}],"version-history":[{"count":25,"href":"https:\/\/tz-design.ch\/index.php?rest_route=\/wp\/v2\/pages\/456\/revisions"}],"predecessor-version":[{"id":697,"href":"https:\/\/tz-design.ch\/index.php?rest_route=\/wp\/v2\/pages\/456\/revisions\/697"}],"wp:attachment":[{"href":"https:\/\/tz-design.ch\/index.php?rest_route=%2Fwp%2Fv2%2Fmedia&parent=456"}],"curies":[{"name":"wp","href":"https:\/\/api.w.org\/{rel}","templated":true}]}}