{"id":330,"date":"2023-06-09T01:31:50","date_gmt":"2023-06-09T01:31:50","guid":{"rendered":"https:\/\/demos.kadencewp.com\/blocks-active\/?page_id=6"},"modified":"2023-06-10T11:46:10","modified_gmt":"2023-06-10T11:46:10","slug":"fotobuch","status":"publish","type":"page","link":"https:\/\/tz-design.ch\/?page_id=330","title":{"rendered":"Fotobuch"},"content":{"rendered":"<style>.kb-row-layout-id_5cd69a-98 > .kt-row-column-wrap{align-content:center;}:where(.kb-row-layout-id_5cd69a-98 > .kt-row-column-wrap) > .wp-block-kadence-column{justify-content:center;}.kb-row-layout-id_5cd69a-98 > .kt-row-column-wrap{column-gap:var(--global-kb-gap-none, 0 );row-gap:var(--global-kb-gap-md, 2rem);max-width:var( --global-content-width, 1290px );padding-left:var(--global-content-edge-padding);padding-right:var(--global-content-edge-padding);padding-top:var(--global-kb-spacing-xxl, 5rem);padding-bottom:var(--global-kb-spacing-4xl, 8rem);grid-template-columns:minmax(0, 60%) minmax(0, 40%);}.kb-row-layout-id_5cd69a-98{background-image:url('https:\/\/tz-design.ch\/wp-content\/uploads\/2023\/06\/Tass_1-6.tiff');background-size:cover;background-position:80% 20%;background-attachment:scroll;background-repeat:no-repeat;}.kb-row-layout-id_5cd69a-98 > .kt-row-layout-overlay{opacity:0.30;}@media all and (max-width: 1024px){.kb-row-layout-id_5cd69a-98 > .kt-row-column-wrap{column-gap:var(--global-kb-gap-none, 0 );grid-template-columns:minmax(0, 1fr);}}@media all and (max-width: 767px){.kb-row-layout-id_5cd69a-98 > .kt-row-column-wrap{grid-template-columns:minmax(0, 1fr);}}<\/style><div style=\"background-image: url(https:\/\/tz-design.ch\/wp-content\/uploads\/2023\/06\/Tass_1-6.tiff);\" class=\"kb-row-layout-wrap kb-row-layout-id_5cd69a-98 alignfull kt-row-has-bg wp-block-kadence-rowlayout\"><div class=\"kt-row-column-wrap kt-has-2-columns kt-row-layout-equal kt-tab-layout-row kt-mobile-layout-row kt-row-valign-middle kb-theme-content-width\">\n<style>.kadence-column_c95522-0b > .kt-inside-inner-col{padding-top:var(--global-kb-spacing-xl, 4rem);padding-right:var(--global-kb-spacing-xxl, 5rem);padding-bottom:var(--global-kb-spacing-xl, 4rem);padding-left:var(--global-kb-spacing-xxl, 5rem);}.kadence-column_c95522-0b > .kt-inside-inner-col,.kadence-column_c95522-0b > .kt-inside-inner-col:before{border-top-left-radius:0px;border-top-right-radius:0px;border-bottom-right-radius:0px;border-bottom-left-radius:0px;}.kadence-column_c95522-0b > .kt-inside-inner-col{justify-content:flex-start;flex-direction:column;display:flex;}.kadence-column_c95522-0b > .kt-inside-inner-col > .aligncenter{width:100%;}.kt-row-column-wrap > .kadence-column_c95522-0b{align-self:flex-start;}.kt-inner-column-height-full:not(.kt-has-1-columns) > .wp-block-kadence-column.kadence-column_c95522-0b{align-self:auto;}.kt-inner-column-height-full:not(.kt-has-1-columns) > .wp-block-kadence-column.kadence-column_c95522-0b > .kt-inside-inner-col{display:flex;flex-direction:column;justify-content:flex-start;}.kadence-column_c95522-0b > .kt-inside-inner-col{background-color:var(--global-palette9, #ffffff);}.kadence-column_c95522-0b > .kt-inside-inner-col:before{opacity:0.3;}.kadence-column_c95522-0b{text-align:left;}.kadence-column_c95522-0b{position:relative;}@media all and (max-width: 1024px){.kadence-column_c95522-0b > .kt-inside-inner-col{padding-top:var(--global-kb-spacing-lg, 3rem);padding-right:var(--global-kb-spacing-lg, 3rem);padding-bottom:var(--global-kb-spacing-lg, 3rem);padding-left:var(--global-kb-spacing-lg, 3rem);}}@media all and (max-width: 767px){.kadence-column_c95522-0b > .kt-inside-inner-col{padding-top:var(--global-kb-spacing-md, 2rem);padding-right:var(--global-kb-spacing-md, 2rem);padding-bottom:var(--global-kb-spacing-md, 2rem);padding-left:var(--global-kb-spacing-md, 2rem);}}<\/style>\n<div class=\"wp-block-kadence-column kadence-column_c95522-0b kb-section-dir-vertical inner-column-1\"><div class=\"kt-inside-inner-col\"><style>.wp-block-kadence-advancedheading.kt-adv-heading_b459e5-6b, .wp-block-kadence-advancedheading.kt-adv-heading_b459e5-6b[data-kb-block=\"kb-adv-heading_b459e5-6b\"]{font-size:var(--global-kb-font-size-lg, 2rem);font-style:normal;}.wp-block-kadence-advancedheading.kt-adv-heading_b459e5-6b mark, .wp-block-kadence-advancedheading.kt-adv-heading_b459e5-6b[data-kb-block=\"kb-adv-heading_b459e5-6b\"] mark{font-style:normal;color:#f76a0c;padding-top:0px;padding-right:0px;padding-bottom:0px;padding-left:0px;}<\/style>\n<h2 class=\"kt-adv-heading_b459e5-6b wp-block-kadence-advancedheading has-theme-palette-3-color has-text-color\" data-kb-block=\"kb-adv-heading_b459e5-6b\">Fotobuch Design<\/h2>\n\n\n<style>.wp-block-kadence-advancedheading.kt-adv-heading_04d589-98, .wp-block-kadence-advancedheading.kt-adv-heading_04d589-98[data-kb-block=\"kb-adv-heading_04d589-98\"]{margin-bottom:var(--global-kb-spacing-sm, 1.5rem);font-style:normal;}.wp-block-kadence-advancedheading.kt-adv-heading_04d589-98 mark, .wp-block-kadence-advancedheading.kt-adv-heading_04d589-98[data-kb-block=\"kb-adv-heading_04d589-98\"] mark{font-style:normal;color:#f76a0c;padding-top:0px;padding-right:0px;padding-bottom:0px;padding-left:0px;}<\/style>\n<p class=\"kt-adv-heading_04d589-98 wp-block-kadence-advancedheading has-theme-palette-3-color has-text-color\" data-kb-block=\"kb-adv-heading_04d589-98\">Fotob\u00fccher sind eine wunderbare Art sch\u00f6ne Erinnerungen kompakt zusammenzustellen. Ob es sich um die Kinderjahre handelt, um Reisen oder Familienfeiern oder man erstellt ganze Chroniken. <\/p>\n\n\n<style>.wp-block-kadence-advancedheading.kt-adv-heading_ea590c-d8, .wp-block-kadence-advancedheading.kt-adv-heading_ea590c-d8[data-kb-block=\"kb-adv-heading_ea590c-d8\"]{margin-bottom:var(--global-kb-spacing-sm, 1.5rem);font-style:normal;}.wp-block-kadence-advancedheading.kt-adv-heading_ea590c-d8 mark, .wp-block-kadence-advancedheading.kt-adv-heading_ea590c-d8[data-kb-block=\"kb-adv-heading_ea590c-d8\"] mark{font-style:normal;color:#f76a0c;padding-top:0px;padding-right:0px;padding-bottom:0px;padding-left:0px;}<\/style>\n<p class=\"kt-adv-heading_ea590c-d8 wp-block-kadence-advancedheading has-theme-palette-3-color has-text-color\" data-kb-block=\"kb-adv-heading_ea590c-d8\">Der Kreativit\u00e4t sind da keine Grenzen gesetzt.<\/p>\n<\/div><\/div>\n\n\n<style>.kadence-column_ea43a5-06 > .kt-inside-inner-col{padding-top:0px;padding-right:0px;padding-bottom:0px;padding-left:0px;}.kadence-column_ea43a5-06 > .kt-inside-inner-col,.kadence-column_ea43a5-06 > .kt-inside-inner-col:before{border-top-left-radius:0px;border-top-right-radius:0px;border-bottom-right-radius:0px;border-bottom-left-radius:0px;}.kadence-column_ea43a5-06 > .kt-inside-inner-col:before{opacity:0.3;}.kadence-column_ea43a5-06{position:relative;}@media all and (max-width: 1024px){.kadence-column_ea43a5-06 > .kt-inside-inner-col{padding-top:0px;padding-right:0px;padding-bottom:0px;padding-left:0px;}}@media all and (max-width: 767px){.kadence-column_ea43a5-06 > .kt-inside-inner-col{padding-top:0px;padding-right:0px;padding-bottom:0px;padding-left:0px;}}<\/style>\n<div class=\"wp-block-kadence-column kadence-column_ea43a5-06 kvs-lg-false kvs-md-false kvs-sm-false inner-column-2\"><div class=\"kt-inside-inner-col\"><style>.wp-block-kadence-spacer.kt-block-spacer-_44b75c-f9 .kt-block-spacer{height:258px;}.wp-block-kadence-spacer.kt-block-spacer-_44b75c-f9 .kt-divider{border-top-width:1px;height:1px;border-top-color:#eee;width:80%;border-top-style:solid;}<\/style>\n<div class=\"wp-block-kadence-spacer aligncenter kt-block-spacer-_44b75c-f9\"><div class=\"kt-block-spacer kt-block-spacer-halign-center\"><\/div><\/div>\n<\/div><\/div>\n\n\n<style>.kadence-column_52cb40-71 > .kt-inside-inner-col,.kadence-column_52cb40-71 > .kt-inside-inner-col:before{border-top-left-radius:0px;border-top-right-radius:0px;border-bottom-right-radius:0px;border-bottom-left-radius:0px;}.kadence-column_52cb40-71 > .kt-inside-inner-col:before{opacity:0.3;}.kadence-column_52cb40-71{position:relative;}<\/style>\n<div class=\"wp-block-kadence-column kadence-column_52cb40-71\"><div class=\"kt-inside-inner-col\"><style>.wp-block-kadence-spacer.kt-block-spacer-_89b9ee-5d .kt-block-spacer{height:42px;}.wp-block-kadence-spacer.kt-block-spacer-_89b9ee-5d .kt-divider{border-top-width:1px;height:1px;border-top-color:#eee;width:80%;border-top-style:solid;}<\/style>\n<div class=\"wp-block-kadence-spacer aligncenter kt-block-spacer-_89b9ee-5d\"><div class=\"kt-block-spacer kt-block-spacer-halign-center\"><\/div><\/div>\n<\/div><\/div>\n\n<\/div><\/div>\n\n<style>.wp-block-kadence-spacer.kt-block-spacer-_78c1f2-1d .kt-block-spacer{height:60px;}.wp-block-kadence-spacer.kt-block-spacer-_78c1f2-1d .kt-divider{border-top-width:1px;height:1px;border-top-color:#eee;width:80%;border-top-style:solid;}<\/style>\n<div class=\"wp-block-kadence-spacer aligncenter kt-block-spacer-_78c1f2-1d\"><div class=\"kt-block-spacer kt-block-spacer-halign-center\"><hr class=\"kt-divider\"\/><\/div><\/div>\n\n\n\n<p>Wieviele Fotos werden auf Reisen gemacht um die Sch\u00f6nheit der Gegend einzufangen oder einfach nur die Gef\u00fchle und die Erinnerung festzuhalten? Wie viele Fotos werden von den Kindern gemacht w\u00e4hrend sie aufwachsen, beim ersten Laufen, beim ersten Tag in der Schule und sp\u00e4ter vielleicht bei Sportwettk\u00e4mpfen oder auf den gemeinsamen Reisen?<\/p>\n\n\n\n<p>All diese Fotos werden heutzutage digital aufgenommen, also liegen sie irgendwann auf der Festplatte des Computers zu Hause oder auf der Cloud. Aber wie oft schaut man sich eigentlich diese Bilder an?&nbsp;<\/p>\n\n\n\n<p>Wie sch\u00f6n ist es, sich ein Buch aus dem Schrank zu nehmen, und die sch\u00f6nsten Momente des Lebens oder einer Reise auf individuell gestalteten Seiten mit seinen Liebsten oder Freunden anschauen zu k\u00f6nnen. Besonders Kinder sehen sich gerne Fotob\u00fccher an und entdecken ihre eigene Ver\u00e4nderung. Fotob\u00fccher sind optisch ansprechend und laden zum Schm\u00f6kern und Freuen ein.<\/p>\n\n\n\n<p>Zudem habe Fotob\u00fccher erhebliche Vorteile gegen\u00fcber den alten Fotoalben, in dem Bilder einfach eingeklebt wurden und teilweise nach Jahren wieder herausfielen. Fotob\u00fccher sind professionell auf Fotopapier gedruckt und halten sehr lang.&nbsp;<\/p>\n\n\n\n<p>Einzelne Fotos auf Speicherplatten oder auch auf Papier kommen irgendwann durcheinander oder gehen verloren. Wenn man eine gute Auswahl an Fotos zu einem wundersch\u00f6nen Fotobuch zusammenstellt, erh\u00e4lt man die Erinnerungen, die man sich regelm\u00e4ssig zu Hause gem\u00fctlich anschauen kann.<\/p>\n\n\n<style>.wp-block-kadence-advancedheading.kt-adv-heading_c743c6-1e, .wp-block-kadence-advancedheading.kt-adv-heading_c743c6-1e[data-kb-block=\"kb-adv-heading_c743c6-1e\"]{margin-bottom:20px;text-align:center;font-size:36px;font-weight:normal;font-style:normal;color:#fff;}.wp-block-kadence-advancedheading.kt-adv-heading_c743c6-1e mark, .wp-block-kadence-advancedheading.kt-adv-heading_c743c6-1e[data-kb-block=\"kb-adv-heading_c743c6-1e\"] mark{font-weight:normal;font-style:normal;color:#f76a0c;padding-top:0px;padding-right:0px;padding-bottom:0px;padding-left:0px;}<\/style>\n<h4 class=\"kt-adv-heading_c743c6-1e wp-block-kadence-advancedheading\" data-kb-block=\"kb-adv-heading_c743c6-1e\">Bei Interesse k\u00f6nnen Sie mich \u00fcber dieses Formular kontaktieren. Ich werde mich umgehend bei Ihnen melden.<\/h4>\n","protected":false},"excerpt":{"rendered":"<p>Fotobuch Design Fotob\u00fccher sind eine wunderbare Art sch\u00f6ne Erinnerungen kompakt zusammenzustellen. Ob es sich um die Kinderjahre handelt, um Reisen oder Familienfeiern oder man erstellt ganze Chroniken. Der Kreativit\u00e4t sind da keine Grenzen gesetzt. Wieviele Fotos werden auf Reisen gemacht um die Sch\u00f6nheit der Gegend einzufangen oder einfach nur die Gef\u00fchle und die Erinnerung festzuhalten?&#8230;<\/p>\n","protected":false},"author":1,"featured_media":0,"parent":456,"menu_order":1,"comment_status":"closed","ping_status":"closed","template":"","meta":{"_kad_post_transparent":"","_kad_post_title":"","_kad_post_layout":"","_kad_post_sidebar_id":"","_kad_post_content_style":"","_kad_post_vertical_padding":"","_kad_post_feature":"","_kad_post_feature_position":"","_kad_post_header":false,"_kad_post_footer":false,"_kad_post_classname":"","footnotes":""},"class_list":["post-330","page","type-page","status-publish","hentry"],"_links":{"self":[{"href":"https:\/\/tz-design.ch\/index.php?rest_route=\/wp\/v2\/pages\/330","targetHints":{"allow":["GET"]}}],"collection":[{"href":"https:\/\/tz-design.ch\/index.php?rest_route=\/wp\/v2\/pages"}],"about":[{"href":"https:\/\/tz-design.ch\/index.php?rest_route=\/wp\/v2\/types\/page"}],"author":[{"embeddable":true,"href":"https:\/\/tz-design.ch\/index.php?rest_route=\/wp\/v2\/users\/1"}],"replies":[{"embeddable":true,"href":"https:\/\/tz-design.ch\/index.php?rest_route=%2Fwp%2Fv2%2Fcomments&post=330"}],"version-history":[{"count":17,"href":"https:\/\/tz-design.ch\/index.php?rest_route=\/wp\/v2\/pages\/330\/revisions"}],"predecessor-version":[{"id":651,"href":"https:\/\/tz-design.ch\/index.php?rest_route=\/wp\/v2\/pages\/330\/revisions\/651"}],"up":[{"embeddable":true,"href":"https:\/\/tz-design.ch\/index.php?rest_route=\/wp\/v2\/pages\/456"}],"wp:attachment":[{"href":"https:\/\/tz-design.ch\/index.php?rest_route=%2Fwp%2Fv2%2Fmedia&parent=330"}],"curies":[{"name":"wp","href":"https:\/\/api.w.org\/{rel}","templated":true}]}}