{"id":183,"date":"2023-06-10T05:59:50","date_gmt":"2023-06-10T05:59:50","guid":{"rendered":"https:\/\/demos.kadencewp.com\/blocks-active\/?page_id=183"},"modified":"2023-06-10T17:05:40","modified_gmt":"2023-06-10T17:05:40","slug":"kontakt","status":"publish","type":"page","link":"https:\/\/tz-design.ch\/?page_id=183","title":{"rendered":"Kontakt"},"content":{"rendered":"<style>.kb-row-layout-id_1b1838-60 > .kt-row-column-wrap{align-content:start;}:where(.kb-row-layout-id_1b1838-60 > .kt-row-column-wrap) > .wp-block-kadence-column{justify-content:start;}.kb-row-layout-id_1b1838-60 > .kt-row-column-wrap{column-gap:var(--global-kb-gap-md, 2rem);row-gap:var(--global-kb-gap-md, 2rem);padding-top:0px;padding-bottom:0px;grid-template-columns:minmax(0, 1fr);}.kb-row-layout-id_1b1838-60 > .kt-row-layout-overlay{opacity:0.30;}@media all and (max-width: 1024px){.kb-row-layout-id_1b1838-60 > .kt-row-column-wrap{grid-template-columns:minmax(0, 1fr);}}@media all and (max-width: 767px){.kb-row-layout-id_1b1838-60 > .kt-row-column-wrap{grid-template-columns:minmax(0, 1fr);}}<\/style><div class=\"kb-row-layout-wrap kb-row-layout-id_1b1838-60 alignnone wp-block-kadence-rowlayout\"><div class=\"kt-row-column-wrap kt-has-1-columns kt-row-layout-equal kt-tab-layout-inherit kt-mobile-layout-row kt-row-valign-top\">\n<style>.kadence-column_141c87-71 > .kt-inside-inner-col,.kadence-column_141c87-71 > .kt-inside-inner-col:before{border-top-left-radius:0px;border-top-right-radius:0px;border-bottom-right-radius:0px;border-bottom-left-radius:0px;}.kadence-column_141c87-71 > .kt-inside-inner-col:before{opacity:0.3;}.kadence-column_141c87-71{position:relative;}<\/style>\n<div class=\"wp-block-kadence-column kadence-column_141c87-71 inner-column-1\"><div class=\"kt-inside-inner-col\"><style>.kb-row-layout-id_ff3fed-b9 > .kt-row-column-wrap{align-content:center;}:where(.kb-row-layout-id_ff3fed-b9 > .kt-row-column-wrap) > .wp-block-kadence-column{justify-content:center;}.kb-row-layout-id_ff3fed-b9 > .kt-row-column-wrap{column-gap:var(--global-kb-gap-none, 0 );row-gap:var(--global-kb-gap-md, 2rem);padding-top:0px;padding-bottom:0px;grid-template-columns:repeat(2, minmax(0, 1fr));}.kb-row-layout-id_ff3fed-b9 > .kt-row-layout-overlay{opacity:0.30;}@media all and (max-width: 1024px){.kb-row-layout-id_ff3fed-b9 > .kt-row-column-wrap{grid-template-columns:repeat(2, minmax(0, 1fr));}}@media all and (max-width: 767px){.kb-row-layout-id_ff3fed-b9 > .kt-row-column-wrap{grid-template-columns:minmax(0, 1fr);}}<\/style><div class=\"kb-row-layout-wrap kb-row-layout-id_ff3fed-b9 alignnone wp-block-kadence-rowlayout\"><div class=\"kt-row-column-wrap kt-has-2-columns kt-row-layout-equal kt-tab-layout-inherit kt-mobile-layout-row kt-row-valign-middle\">\n<style>.kadence-column_4b79a6-70 > .kt-inside-inner-col{padding-right:80px;padding-left:80px;}.kadence-column_4b79a6-70 > .kt-inside-inner-col,.kadence-column_4b79a6-70 > .kt-inside-inner-col:before{border-top-left-radius:0px;border-top-right-radius:0px;border-bottom-right-radius:0px;border-bottom-left-radius:0px;}.kadence-column_4b79a6-70 > .kt-inside-inner-col:before{opacity:0.3;}.kadence-column_4b79a6-70{position:relative;}@media all and (max-width: 767px){.kadence-column_4b79a6-70 > .kt-inside-inner-col{padding-right:20px;padding-left:20px;}}<\/style>\n<div class=\"wp-block-kadence-column kadence-column_4b79a6-70 inner-column-2\"><div class=\"kt-inside-inner-col\"><style>.wp-block-kadence-advancedheading.kt-adv-heading_51afa6-67, .wp-block-kadence-advancedheading.kt-adv-heading_51afa6-67[data-kb-block=\"kb-adv-heading_51afa6-67\"]{margin-bottom:20px;text-align:left;font-size:40px;line-height:54px;font-weight:normal;font-style:normal;}.wp-block-kadence-advancedheading.kt-adv-heading_51afa6-67 mark, .wp-block-kadence-advancedheading.kt-adv-heading_51afa6-67[data-kb-block=\"kb-adv-heading_51afa6-67\"] mark{font-weight:normal;font-style:normal;color:#f76a0c;padding-top:0px;padding-right:0px;padding-bottom:0px;padding-left:0px;}<\/style>\n<h4 class=\"kt-adv-heading_51afa6-67 wp-block-kadence-advancedheading has-theme-palette-3-color has-text-color\" data-kb-block=\"kb-adv-heading_51afa6-67\">Pers\u00f6nliche und kreative Fotob\u00fccher<\/h4>\n\n\n<style>.wp-block-kadence-advancedheading.kt-adv-heading_1b181d-e8, .wp-block-kadence-advancedheading.kt-adv-heading_1b181d-e8[data-kb-block=\"kb-adv-heading_1b181d-e8\"]{margin-bottom:40px;text-align:left;font-size:18px;line-height:30px;font-weight:300;font-style:normal;letter-spacing:0px;}.wp-block-kadence-advancedheading.kt-adv-heading_1b181d-e8 mark, .wp-block-kadence-advancedheading.kt-adv-heading_1b181d-e8[data-kb-block=\"kb-adv-heading_1b181d-e8\"] mark{font-weight:normal;font-style:normal;color:#f76a0c;padding-top:0px;padding-right:0px;padding-bottom:0px;padding-left:0px;}<\/style>\n<p class=\"kt-adv-heading_1b181d-e8 wp-block-kadence-advancedheading has-theme-palette-6-color has-text-color\" data-kb-block=\"kb-adv-heading_1b181d-e8\">Wenn Sie interesse an einem pers\u00f6nlich designtem Fotobuch haten, kontaktieren Sie mich und wir k\u00f6nnen eine Termin vereinbaren, an dem ich Ihnen meine Arbeit pr\u00e4sentieren kann und wir uns unverbindlich \u00fcber ihr pers\u00f6nliches Fotobuch unterhalten k\u00f6nnen. Ich gehe nat\u00fcrlich sehr gerne auf all Ihre W\u00fcnsche ein und versuche diese dann Umzusetzen.<\/p>\n<\/div><\/div>\n\n\n<style>.kadence-column_b3fe46-39 > .kt-inside-inner-col,.kadence-column_b3fe46-39 > .kt-inside-inner-col:before{border-top-left-radius:0px;border-top-right-radius:0px;border-bottom-right-radius:0px;border-bottom-left-radius:0px;}.kadence-column_b3fe46-39 > .kt-inside-inner-col:before{opacity:0.3;}.kadence-column_b3fe46-39{position:relative;}<\/style>\n<div class=\"wp-block-kadence-column kadence-column_b3fe46-39\"><div class=\"kt-inside-inner-col\"><style>.kb-image_e8b8ef-bf .kb-image-has-overlay:after{opacity:0.3;}<\/style>\n<figure class=\"wp-block-kadence-image kb-image_e8b8ef-bf size-large\"><img loading=\"lazy\" decoding=\"async\" width=\"1024\" height=\"576\" src=\"https:\/\/tz-design.ch\/wp-content\/uploads\/2023\/06\/IMG_4677-1024x576.jpeg\" alt=\"Fotobuch zu Hause\" class=\"kb-img wp-image-652\" srcset=\"https:\/\/tz-design.ch\/wp-content\/uploads\/2023\/06\/IMG_4677-1024x576.jpeg 1024w, https:\/\/tz-design.ch\/wp-content\/uploads\/2023\/06\/IMG_4677-300x169.jpeg 300w, https:\/\/tz-design.ch\/wp-content\/uploads\/2023\/06\/IMG_4677-768x432.jpeg 768w, https:\/\/tz-design.ch\/wp-content\/uploads\/2023\/06\/IMG_4677-1536x864.jpeg 1536w, https:\/\/tz-design.ch\/wp-content\/uploads\/2023\/06\/IMG_4677-2048x1152.jpeg 2048w\" sizes=\"auto, (max-width: 1024px) 100vw, 1024px\" \/><\/figure>\n<\/div><\/div>\n\n<\/div><\/div><\/div><\/div>\n\n<\/div><\/div>\n\n<style>.wp-block-kadence-advancedheading.kt-adv-heading_c3cfbc-4d, .wp-block-kadence-advancedheading.kt-adv-heading_c3cfbc-4d[data-kb-block=\"kb-adv-heading_c3cfbc-4d\"]{font-style:normal;}.wp-block-kadence-advancedheading.kt-adv-heading_c3cfbc-4d mark, .wp-block-kadence-advancedheading.kt-adv-heading_c3cfbc-4d[data-kb-block=\"kb-adv-heading_c3cfbc-4d\"] mark{font-style:normal;color:#f76a0c;padding-top:0px;padding-right:0px;padding-bottom:0px;padding-left:0px;}<\/style>\n<h3 class=\"kt-adv-heading_c3cfbc-4d wp-block-kadence-advancedheading\" data-kb-block=\"kb-adv-heading_c3cfbc-4d\">Kontaktformular<\/h3>\n\n\n<style>.kb-row-layout-id_28a237-5b > .kt-row-column-wrap{align-content:center;}:where(.kb-row-layout-id_28a237-5b > .kt-row-column-wrap) > .wp-block-kadence-column{justify-content:center;}.kb-row-layout-id_28a237-5b > .kt-row-column-wrap{column-gap:var(--global-kb-gap-md, 2rem);row-gap:var(--global-kb-gap-md, 2rem);max-width:1400px;margin-left:auto;margin-right:auto;padding-top:96px;padding-right:25px;padding-bottom:80px;padding-left:25px;grid-template-columns:minmax(0, 25%) minmax(0, 75%);}.kb-row-layout-id_28a237-5b > .kt-row-layout-overlay{opacity:0.30;}@media all and (max-width: 1024px){.kb-row-layout-id_28a237-5b > .kt-row-column-wrap{grid-template-columns:repeat(2, minmax(0, 1fr));}}@media all and (max-width: 767px){.kb-row-layout-id_28a237-5b > .kt-row-column-wrap{grid-template-columns:minmax(0, 1fr);}}<\/style><div class=\"kb-row-layout-wrap kb-row-layout-id_28a237-5b alignnone wp-block-kadence-rowlayout\"><div class=\"kt-row-column-wrap kt-has-2-columns kt-row-layout-equal kt-tab-layout-inherit kt-mobile-layout-row kt-row-valign-middle\">\n<style>.kadence-column_11e776-3d > .kt-inside-inner-col,.kadence-column_11e776-3d > .kt-inside-inner-col:before{border-top-left-radius:0px;border-top-right-radius:0px;border-bottom-right-radius:0px;border-bottom-left-radius:0px;}.kadence-column_11e776-3d > .kt-inside-inner-col:before{opacity:0.3;}.kadence-column_11e776-3d{position:relative;}<\/style>\n<div class=\"wp-block-kadence-column kadence-column_11e776-3d\"><div class=\"kt-inside-inner-col\"><style>.wp-block-kadence-advancedheading.kt-adv-heading_06b354-c7, .wp-block-kadence-advancedheading.kt-adv-heading_06b354-c7[data-kb-block=\"kb-adv-heading_06b354-c7\"]{text-align:left;font-style:normal;}.wp-block-kadence-advancedheading.kt-adv-heading_06b354-c7 mark, .wp-block-kadence-advancedheading.kt-adv-heading_06b354-c7[data-kb-block=\"kb-adv-heading_06b354-c7\"] mark{font-style:normal;color:#f76a0c;padding-top:0px;padding-right:0px;padding-bottom:0px;padding-left:0px;}<\/style>\n<h4 class=\"kt-adv-heading_06b354-c7 wp-block-kadence-advancedheading\" data-kb-block=\"kb-adv-heading_06b354-c7\">Vielen Dank f\u00fcr Ihr Interesse. \u00dcber das nebenstehende Kontaktformular k\u00f6nnen Sie mit mich kontaktieren. Ich werde mich umgehend bei Ihnen zur\u00fcckmelden.<\/h4>\n<\/div><\/div>\n\n\n<style>.kadence-column_9e524d-b9 > .kt-inside-inner-col,.kadence-column_9e524d-b9 > .kt-inside-inner-col:before{border-top-left-radius:0px;border-top-right-radius:0px;border-bottom-right-radius:0px;border-bottom-left-radius:0px;}.kadence-column_9e524d-b9 > .kt-inside-inner-col{background-color:var(--global-palette8, #F7FAFC);}.kadence-column_9e524d-b9 > .kt-inside-inner-col:before{opacity:0.3;}.kadence-column_9e524d-b9{text-align:left;}.kadence-column_9e524d-b9{position:relative;}<\/style>\n<div class=\"wp-block-kadence-column kadence-column_9e524d-b9\"><div class=\"kt-inside-inner-col\"><style id=\"wpforms-css-vars-493-block-12746b2f-bdff-40b3-8a7f-a784cae0b62f\">\n\t\t\t\t#wpforms-493.wpforms-block-12746b2f-bdff-40b3-8a7f-a784cae0b62f {\n\t\t\t\t--wpforms-field-background-color: #F5ECE5;\n\t\t\t}\n\t\t\t<\/style><div class=\"wpforms-container wpforms-container-full wpforms-block wpforms-block-12746b2f-bdff-40b3-8a7f-a784cae0b62f wpforms-render-modern\" id=\"wpforms-493\"><form id=\"wpforms-form-493\" class=\"wpforms-validate wpforms-form wpforms-ajax-form\" data-formid=\"493\" method=\"post\" enctype=\"multipart\/form-data\" action=\"\/index.php?rest_route=%2Fwp%2Fv2%2Fpages%2F183\" data-token=\"f987b179a634a6f01dd87388471f6123\" data-token-time=\"1776512332\"><noscript class=\"wpforms-error-noscript\">Bitte aktivieren Sie JavaScript in Ihrem Browser, um dieses Formular fertigzustellen.<\/noscript><div id=\"wpforms-error-noscript\" style=\"display: none;\">Bitte aktivieren Sie JavaScript in Ihrem Browser, um dieses Formular fertigzustellen.<\/div><div class=\"wpforms-field-container\"><div id=\"wpforms-493-field_0-container\" class=\"wpforms-field wpforms-field-name\" data-field-id=\"0\"><fieldset><legend class=\"wpforms-field-label\">Name <span class=\"wpforms-required-label\" aria-hidden=\"true\">*<\/span><\/legend><div class=\"wpforms-field-row wpforms-field-medium\"><div class=\"wpforms-field-row-block wpforms-first wpforms-one-half\"><input type=\"text\" id=\"wpforms-493-field_0\" class=\"wpforms-field-name-first wpforms-field-required\" name=\"wpforms[fields][0][first]\" aria-errormessage=\"wpforms-493-field_0-error\" required><label for=\"wpforms-493-field_0\" class=\"wpforms-field-sublabel after\">Vorname<\/label><\/div><div class=\"wpforms-field-row-block wpforms-one-half\"><input type=\"text\" id=\"wpforms-493-field_0-last\" class=\"wpforms-field-name-last wpforms-field-required\" name=\"wpforms[fields][0][last]\" aria-errormessage=\"wpforms-493-field_0-last-error\" required><label for=\"wpforms-493-field_0-last\" class=\"wpforms-field-sublabel after\">Nachname<\/label><\/div><\/div><\/fieldset><\/div><div id=\"wpforms-493-field_1-container\" class=\"wpforms-field wpforms-field-email\" data-field-id=\"1\"><label class=\"wpforms-field-label\" for=\"wpforms-493-field_1\">E-Mail <span class=\"wpforms-required-label\" aria-hidden=\"true\">*<\/span><\/label><input type=\"email\" id=\"wpforms-493-field_1\" class=\"wpforms-field-medium wpforms-field-required\" name=\"wpforms[fields][1]\" spellcheck=\"false\" aria-errormessage=\"wpforms-493-field_1-error\" required><\/div><div id=\"wpforms-493-field_3-container\" class=\"wpforms-field wpforms-field-number\" data-field-id=\"3\"><label class=\"wpforms-field-label\" for=\"wpforms-493-field_3\">Telefonnummer <span class=\"wpforms-required-label\" aria-hidden=\"true\">*<\/span><\/label><input type=\"number\" id=\"wpforms-493-field_3\" class=\"wpforms-field-medium wpforms-field-required\" name=\"wpforms[fields][3]\" step=\"any\" aria-errormessage=\"wpforms-493-field_3-error\" required><\/div><div id=\"wpforms-493-field_2-container\" class=\"wpforms-field wpforms-field-textarea\" data-field-id=\"2\"><label class=\"wpforms-field-label\" for=\"wpforms-493-field_2\">Mitteilung <span class=\"wpforms-required-label\" aria-hidden=\"true\">*<\/span><\/label><textarea id=\"wpforms-493-field_2\" class=\"wpforms-field-medium wpforms-field-required\" name=\"wpforms[fields][2]\" aria-errormessage=\"wpforms-493-field_2-error\" required><\/textarea><\/div><\/div><!-- .wpforms-field-container --><div class=\"wpforms-submit-container\" ><input type=\"hidden\" name=\"wpforms[id]\" value=\"493\"><input type=\"hidden\" name=\"page_title\" value=\"\"><input type=\"hidden\" name=\"page_url\" value=\"https:\/\/tz-design.ch\/index.php?rest_route=\/wp\/v2\/pages\/183\"><input type=\"hidden\" name=\"url_referer\" value=\"\"><button type=\"submit\" name=\"wpforms[submit]\" id=\"wpforms-submit-493\" class=\"wpforms-submit\" data-alt-text=\"Senden\u2026\" data-submit-text=\"Absenden\" aria-live=\"assertive\" value=\"wpforms-submit\">Absenden<\/button><img loading=\"lazy\" decoding=\"async\" src=\"https:\/\/tz-design.ch\/wp-content\/plugins\/wpforms-lite\/assets\/images\/submit-spin.svg\" class=\"wpforms-submit-spinner\" style=\"display: none;\" width=\"26\" height=\"26\" alt=\"Wird geladen\"><\/div><\/form><\/div>  <!-- .wpforms-container --><\/div><\/div>\n\n<\/div><\/div>","protected":false},"excerpt":{"rendered":"<p>Pers\u00f6nliche und kreative Fotob\u00fccher Wenn Sie interesse an einem pers\u00f6nlich designtem Fotobuch haten, kontaktieren Sie mich und wir k\u00f6nnen eine Termin vereinbaren, an dem ich Ihnen meine Arbeit pr\u00e4sentieren kann und wir uns unverbindlich \u00fcber ihr pers\u00f6nliches Fotobuch unterhalten k\u00f6nnen. Ich gehe nat\u00fcrlich sehr gerne auf all Ihre W\u00fcnsche ein und versuche diese dann Umzusetzen&#8230;.<\/p>\n","protected":false},"author":1,"featured_media":0,"parent":456,"menu_order":5,"comment_status":"closed","ping_status":"closed","template":"","meta":{"_kad_post_transparent":"","_kad_post_title":"","_kad_post_layout":"","_kad_post_sidebar_id":"","_kad_post_content_style":"","_kad_post_vertical_padding":"","_kad_post_feature":"","_kad_post_feature_position":"","_kad_post_header":false,"_kad_post_footer":false,"_kad_post_classname":"","footnotes":""},"class_list":["post-183","page","type-page","status-publish","hentry"],"_links":{"self":[{"href":"https:\/\/tz-design.ch\/index.php?rest_route=\/wp\/v2\/pages\/183","targetHints":{"allow":["GET"]}}],"collection":[{"href":"https:\/\/tz-design.ch\/index.php?rest_route=\/wp\/v2\/pages"}],"about":[{"href":"https:\/\/tz-design.ch\/index.php?rest_route=\/wp\/v2\/types\/page"}],"author":[{"embeddable":true,"href":"https:\/\/tz-design.ch\/index.php?rest_route=\/wp\/v2\/users\/1"}],"replies":[{"embeddable":true,"href":"https:\/\/tz-design.ch\/index.php?rest_route=%2Fwp%2Fv2%2Fcomments&post=183"}],"version-history":[{"count":17,"href":"https:\/\/tz-design.ch\/index.php?rest_route=\/wp\/v2\/pages\/183\/revisions"}],"predecessor-version":[{"id":693,"href":"https:\/\/tz-design.ch\/index.php?rest_route=\/wp\/v2\/pages\/183\/revisions\/693"}],"up":[{"embeddable":true,"href":"https:\/\/tz-design.ch\/index.php?rest_route=\/wp\/v2\/pages\/456"}],"wp:attachment":[{"href":"https:\/\/tz-design.ch\/index.php?rest_route=%2Fwp%2Fv2%2Fmedia&parent=183"}],"curies":[{"name":"wp","href":"https:\/\/api.w.org\/{rel}","templated":true}]}}